{"id":172,"date":"2018-11-20T03:03:42","date_gmt":"2018-11-20T03:03:42","guid":{"rendered":"http:\/\/localhost\/industro\/?page_id=172"},"modified":"2026-03-04T23:54:39","modified_gmt":"2026-03-04T23:54:39","slug":"home-1","status":"publish","type":"page","link":"https:\/\/elcorraluy.com\/","title":{"rendered":"INICIO"},"content":{"rendered":"<div class=\"wpb-content-wrapper\"><p>[vc_row full_width=&#8221;stretch_row_content_no_spaces&#8221; fullwidth=&#8221;true&#8221;][vc_column][vc_images_carousel images=&#8221;1212,1211,1210&#8243; img_size=&#8221;full&#8221; onclick=&#8221;link_no&#8221; speed=&#8221;4500&#8243; autoplay=&#8221;yes&#8221; wrap=&#8221;yes&#8221; css_animation=&#8221;slideInLeft&#8221;][\/vc_column][\/vc_row][vc_row full_height=&#8221;yes&#8221; css=&#8221;.vc_custom_1602081040315{background-color: #f0f1f6 !important;}&#8221;][vc_column css=&#8221;.vc_custom_1542708320379{margin-top: -70px !important;}&#8221;][vc_empty_space height=&#8221;100px&#8221;][vc_separator border_width=&#8221;2&#8243; css_animation=&#8221;fadeIn&#8221;][vc_text_separator title=&#8221;&#8221;][vc_column_text css_animation=&#8221;fadeIn&#8221;]<\/p>\n<h2><strong>Somos fabricantes del Ahorro-Aro, el mejor aro del mercado<\/strong><\/h2>\n<p>[\/vc_column_text][vc_images_carousel images=&#8221;1202,1201,1200,1199,1198,967,935,934,933,1327,1328,1329,1330,1331,1197&#8243; img_size=&#8221;full&#8221; speed=&#8221;3000&#8243; slides_per_view=&#8221;3&#8243; autoplay=&#8221;yes&#8221; wrap=&#8221;yes&#8221; css_animation=&#8221;fadeIn&#8221; css=&#8221;&#8221;][vc_separator border_width=&#8221;2&#8243; css_animation=&#8221;fadeIn&#8221;][\/vc_column][\/vc_row][vc_row equal_height=&#8221;yes&#8221; content_placement=&#8221;bottom&#8221; css=&#8221;.vc_custom_1602188985217{padding-top: 4% !important;background-color: #f7f7f7 !important;}&#8221;][vc_column][vc_column_text css_animation=&#8221;fadeIn&#8221;]<\/p>\n<p class=\"subtitle\">NUESTRA ESPECIALIDAD<\/p>\n<h2><strong>Soluciones perfectas para el Agro<\/strong><\/h2>\n<p>[\/vc_column_text][vc_raw_html]JTNDZGl2JTIwY2xhc3MlM0QlMjJ3cGJfcmF3X2NvZGUlMjB3cGJfY29udGVudF9lbGVtZW50JTIwd3BiX3Jhd19odG1sJTIyJTIwJTNFJTBBJTA5JTA5JTNDZGl2JTIwY2xhc3MlM0QlMjJ3cGJfd3JhcHBlciUyMiUzRSUwQSUwOSUwOSUwOSUzQ3ZpZGVvJTIwbG9vcCUzRCUyMmxvb3AlMjIlMjBtdXRlZCUzRCUyMm11dGVkJTIyJTIwYXV0b3BsYXklM0QlMjJhdXRvcGxheSUyMiUyMHByZWxvYWQlM0QlMjJhdXRvJTIyJTIwc3R5bGUlM0QlMjJ3aWR0aCUzQSUyMDgwJTI1JTNCJTIwaGVpZ2h0JTNBJTIwODAlMjUlM0IlMjBkaXNwbGF5JTNBYmxvY2slM0IlMjBtYXJnaW4lM0FhdXRvJTNCJTIwYm9yZGVyLXJhZGl1cyUzQTIwcHglM0IlMjIlM0UlMEElM0Nzb3VyY2UlMjBzcmMlM0QlMjJodHRwJTNBJTJGJTJGZWxjb3JyYWx1eS5jb20lMkZ3cC1jb250ZW50JTJGdXBsb2FkcyUyRjIwMjAlMkYxMCUyRnZpZGVvcGxheWJhY2subXA0JTIyJTIwdHlwZSUzRCUyMnZpZGVvJTJGbXA0JTIyJTNFJTBBJTNDJTJGdmlkZW8lM0UlMEElMDklMDklM0MlMkZkaXYlM0UlMEElMDklM0MlMkZkaXYlM0U=[\/vc_raw_html][\/vc_column][vc_column width=&#8221;1\/2&#8243; offset=&#8221;vc_col-md-3&#8243;][vc_column_text]\n    <div class=\"icon-box  \">\n                <img decoding=\"async\" src=\"https:\/\/elcorraluy.com\/wp-content\/uploads\/2018\/11\/industry.png\" alt=\"icon\">        <div class=\"content-box\">\n            <h5><b>Materiales de Calidad<\/b><\/h5>\n            <p>Todos nuestros productos son fabricados con los m\u00e1s altos est\u00e1ndares de calidad.<\/p>\n<ul>\n<li>Hierro importado de origen brasile\u00f1o<\/li>\n<li>Soldaduras de alto rendimiento<\/li>\n<li>Pintura de gran calidad<\/li>\n<\/ul>\n<p><\/p>\n                    <\/div>\n    <\/div>\n\n    [vc_empty_space][\/vc_column_text][\/vc_column][vc_column width=&#8221;1\/2&#8243; offset=&#8221;vc_col-md-3&#8243;][vc_column_text]\n    <div class=\"icon-box  \">\n                <img decoding=\"async\" src=\"https:\/\/elcorraluy.com\/wp-content\/uploads\/2018\/11\/mass-production.png\" alt=\"icon\">        <div class=\"content-box\">\n            <h5><b>Entrega en todo el pa\u00eds<\/b><\/h5>\n            <p>Contamos con soluciones log\u00edsticas para garantizar una cadena de suministro continua a todo el pa\u00eds.<\/p>\n<ul>\n<li>Gran red de distribuidores<\/li>\n<li>Env\u00edos propios<\/li>\n<li>Fabricaci\u00f3n constante<\/li>\n<\/ul>\n<p><\/p>\n                    <\/div>\n    <\/div>\n\n    [vc_empty_space][\/vc_column_text][\/vc_column][vc_column width=&#8221;1\/2&#8243; offset=&#8221;vc_col-md-3&#8243;][vc_column_text]\n    <div class=\"icon-box  \">\n                <img decoding=\"async\" src=\"https:\/\/elcorraluy.com\/wp-content\/uploads\/2018\/11\/oil-platform.png\" alt=\"icon\">        <div class=\"content-box\">\n            <h5><b>Un gran equipo<\/b><\/h5>\n            <p>Conformamos un gran equipo de trabajo, comprometido, motivado y con un alto nivel de sentido de pertenencia de la empresa. Esto nos permite llevar a cabo proyectos exigentes sin descuidar la calidad, logrando cumplir con los est\u00e1ndares que nos proponemos.<\/p>\n                    <\/div>\n    <\/div>\n\n    [vc_empty_space][\/vc_column_text][\/vc_column][vc_column width=&#8221;1\/2&#8243; offset=&#8221;vc_col-md-3&#8243;][vc_column_text]\n    <div class=\"icon-box  \">\n                <img decoding=\"async\" src=\"https:\/\/elcorraluy.com\/wp-content\/uploads\/2018\/11\/buildings.png\" alt=\"icon\">        <div class=\"content-box\">\n            <h5><b>Localizaci\u00f3n estrat\u00e9gica<\/b><\/h5>\n            <p>Nuestra ubicaci\u00f3n a pasos de la ruta 5 en Florida, nos provee f\u00e1cil acceso y facilidades en la distribuci\u00f3n.<br \/>\nEstar ubicados en el centro del pa\u00eds nos permite agilizar la entrega de productos y la recepci\u00f3n de clientes y proveedores.<\/p>\n                    <\/div>\n    <\/div>\n\n    [vc_empty_space][\/vc_column_text][\/vc_column][\/vc_row][vc_row css=&#8221;.vc_custom_1602180164117{padding-top: 100px !important;padding-bottom: 100px !important;background-image: url(http:\/\/elcorraluy.com\/wp-content\/uploads\/2020\/10\/f1.png?id=1027) !important;background-position: center !important;background-repeat: no-repeat !important;background-size: cover !important;}&#8221;][vc_column offset=&#8221;vc_col-md-6&#8243;][vc_column_text css_animation=&#8221;fadeIn&#8221; el_class=&#8221;text-light&#8221;]<\/p>\n<h1><span class=\"lighter\">De Uruguay<\/span><br \/>\n<strong>para el Mundo<\/strong><\/h1>\n<p>Con productos de gran aprobaci\u00f3n en Estados Unidos, desde Uruguay, queremos revolucionar las soluciones para el Agro, aumentando la rentabilidad para el productor agro-ganadero.[\/vc_column_text][vc_row_inner][vc_column_inner width=&#8221;1\/3&#8243; offset=&#8221;vc_col-xs-4&#8243;]\n    <div class=\"fun-facts \">\n        <div class=\"number-fact\">\n            <span class=\"number\" data-to=\"3\" data-inviewport=\"yes\">0<\/span>\n        <\/div>\n        <div class=\"title-fact\">\n            A\u00f1os de            <span class=\"text-primary\"><b>GARANT\u00cdA<\/b><\/span>\n        <\/div>\n    <\/div>\n\n    [\/vc_column_inner][vc_column_inner width=&#8221;1\/3&#8243; offset=&#8221;vc_col-xs-4&#8243;]\n    <div class=\"fun-facts \">\n        <div class=\"number-fact\">\n            <span class=\"number\" data-to=\"1000\" data-inviewport=\"yes\">0<\/span>\n        <\/div>\n        <div class=\"title-fact\">\n            + de mil clientes            <span class=\"text-primary\"><b>SATISFECHOS<\/b><\/span>\n        <\/div>\n    <\/div>\n\n    [\/vc_column_inner][vc_column_inner width=&#8221;1\/3&#8243; offset=&#8221;vc_col-xs-4&#8243;]\n    <div class=\"fun-facts \">\n        <div class=\"number-fact\">\n            <span class=\"number\" data-to=\"16\" data-inviewport=\"yes\">0<\/span>\n        <\/div>\n        <div class=\"title-fact\">\n            Distribuidores en            <span class=\"text-primary\"><b>TODO EL PA\u00cdS<\/b><\/span>\n        <\/div>\n    <\/div>\n\n    [\/vc_column_inner][\/vc_row_inner][vc_empty_space height=&#8221;60px&#8221; el_class=&#8221;lg-hidden&#8221;][\/vc_column][vc_column offset=&#8221;vc_col-md-6&#8243;][vc_single_image image=&#8221;944&#8243; img_size=&#8221;medium&#8221; alignment=&#8221;center&#8221; css_animation=&#8221;right-to-left&#8221; css=&#8221;.vc_custom_1602090844897{margin-bottom: 0px !important;}&#8221; el_class=&#8221;lg-right-80&#8243;][\/vc_column][\/vc_row][vc_row css=&#8221;.vc_custom_1542790222775{padding-top: 100px !important;padding-bottom: 100px !important;}&#8221;][vc_column][vc_column_text css=&#8221;.vc_custom_1602178175942{margin-bottom: 50px !important;}&#8221;]<\/p>\n<p class=\"subtitle\" style=\"text-align: left;\">PROCESO DE<\/p>\n<h2 style=\"text-align: left;\"><strong>FABRICACI\u00d3N<\/strong><\/h2>\n<p>[\/vc_column_text][\/vc_column][\/vc_row][vc_row css=&#8221;.vc_custom_1543221080791{padding-top: 100px !important;}&#8221;][vc_column][vc_column_text css=&#8221;.vc_custom_1602181637995{margin-bottom: 50px !important;}&#8221;]<\/p>\n<p class=\"subtitle\">ENTREGAS A<\/p>\n<h2><strong>TODO EL PA\u00cdS<\/strong><\/h2>\n<p>[\/vc_column_text][vc_gallery type=&#8221;image_grid&#8221; images=&#8221;1035,1036,1037,1039,1040,1041,1059,1043,1065,1066,1067,1068,1071,968&#8243; css_animation=&#8221;fadeIn&#8221;][\/vc_column][\/vc_row][vc_row css=&#8221;.vc_custom_1542872898623{padding-top: 100px !important;padding-bottom: 100px !important;}&#8221;][vc_column][vc_column_text css=&#8221;.vc_custom_1679145762761{margin-bottom: 60px !important;}&#8221;]<\/p>\n<p class=\"subtitle\">TESTIMONIOS<\/p>\n<h2><strong>Lo que dicen nuestros clientes<\/strong><\/h2>\n<p>[\/vc_column_text][\/vc_column][\/vc_row][vc_row content_placement=&#8221;middle&#8221; css=&#8221;.vc_custom_1602103547789{padding-bottom: 100px !important;}&#8221;][vc_column][vc_column_text css_animation=&#8221;fadeIn&#8221;]<\/p>\n<p style=\"text-align: left;\"><strong>D\u00d3NDE COMPRAR<\/strong><\/p>\n<h2 style=\"text-align: left;\"><strong>Vendedores \/ Distribuidores<br \/>\n<\/strong><\/h2>\n<p style=\"text-align: left;\">Amplia red de distribuidores ubicados en todo el pa\u00eds.<\/p>\n<p>[\/vc_column_text][vc_single_image image=&#8221;1004&#8243; img_size=&#8221;full&#8221; alignment=&#8221;center&#8221; css_animation=&#8221;fadeIn&#8221;][\/vc_column][\/vc_row][vc_row el_class=&#8221;bg-primary call-to-action&#8221; css=&#8221;.vc_custom_1542184444490{padding-top: 52px !important;padding-bottom: 52px !important;}&#8221;][vc_column offset=&#8221;vc_col-md-8&#8243;][vc_custom_heading text=&#8221;<b>Fabricamos los aros para fardos m\u00e1s fuertes del mercado.<\/b>&#8221; font_container=&#8221;tag:h3|text_align:left|color:%23ffffff&#8221; use_theme_fonts=&#8221;yes&#8221; css=&#8221;.vc_custom_1679412680398{margin-top: 10px !important;margin-bottom: 0px !important;}&#8221;][\/vc_column][vc_column offset=&#8221;vc_col-md-4&#8243;][vc_column_text]\n    <div class=\"text-center\">\n        <a class=\"btn btn-medium btn-light  \" href=\"http:\/\/elcorraluy.com\/index.php\/our-services\/\" style=\"\">Ver productos<\/a>\n    <\/div>\n\n    [\/vc_column_text][\/vc_column][\/vc_row]<\/p>\n<\/div>","protected":false},"excerpt":{"rendered":"<p>[vc_row full_width=&#8221;stretch_row_content_no_spaces&#8221; fullwidth=&#8221;true&#8221;][vc_column][vc_images_carousel images=&#8221;1212,1211,1210&#8243; img_size=&#8221;full&#8221; onclick=&#8221;link_no&#8221; speed=&#8221;4500&#8243; autoplay=&#8221;yes&#8221; wrap=&#8221;yes&#8221; css_animation=&#8221;slideInLeft&#8221;][\/vc_column][\/vc_row][vc_row full_height=&#8221;yes&#8221; css=&#8221;.vc_custom_1602081040315{background-color: #f0f1f6 !important;}&#8221;][vc_column css=&#8221;.vc_custom_1542708320379{margin-top: -70px !important;}&#8221;][vc_empty_space height=&#8221;100px&#8221;][vc_separator border_width=&#8221;2&#8243; css_animation=&#8221;fadeIn&#8221;][vc_text_separator title=&#8221;&#8221;][vc_column_text css_animation=&#8221;fadeIn&#8221;] Somos fabricantes del Ahorro-Aro, el mejor aro del mercado [\/vc_column_text][vc_images_carousel images=&#8221;1202,1201,1200,1199,1198,967,935,934,933,1327,1328,1329,1330,1331,1197&#8243; img_size=&#8221;full&#8221; speed=&#8221;3000&#8243; slides_per_view=&#8221;3&#8243; autoplay=&#8221;yes&#8221; wrap=&#8221;yes&#8221; css_animation=&#8221;fadeIn&#8221; css=&#8221;&#8221;][vc_separator border_width=&#8221;2&#8243; css_animation=&#8221;fadeIn&#8221;][\/vc_column][\/vc_row][vc_row equal_height=&#8221;yes&#8221; content_placement=&#8221;bottom&#8221; css=&#8221;.vc_custom_1602188985217{padding-top: 4% !important;background-color: #f7f7f7 !important;}&#8221;][vc_column][vc_column_text css_animation=&#8221;fadeIn&#8221;] NUESTRA ESPECIALIDAD Soluciones perfectas para [&hellip;]<\/p>\n","protected":false},"author":1,"featured_media":0,"parent":0,"menu_order":0,"comment_status":"closed","ping_status":"closed","template":"","meta":{"_joinchat":[],"footnotes":""},"class_list":["post-172","page","type-page","status-publish","hentry"],"_links":{"self":[{"href":"https:\/\/elcorraluy.com\/index.php\/wp-json\/wp\/v2\/pages\/172","targetHints":{"allow":["GET"]}}],"collection":[{"href":"https:\/\/elcorraluy.com\/index.php\/wp-json\/wp\/v2\/pages"}],"about":[{"href":"https:\/\/elcorraluy.com\/index.php\/wp-json\/wp\/v2\/types\/page"}],"author":[{"embeddable":true,"href":"https:\/\/elcorraluy.com\/index.php\/wp-json\/wp\/v2\/users\/1"}],"replies":[{"embeddable":true,"href":"https:\/\/elcorraluy.com\/index.php\/wp-json\/wp\/v2\/comments?post=172"}],"version-history":[{"count":135,"href":"https:\/\/elcorraluy.com\/index.php\/wp-json\/wp\/v2\/pages\/172\/revisions"}],"predecessor-version":[{"id":1334,"href":"https:\/\/elcorraluy.com\/index.php\/wp-json\/wp\/v2\/pages\/172\/revisions\/1334"}],"wp:attachment":[{"href":"https:\/\/elcorraluy.com\/index.php\/wp-json\/wp\/v2\/media?parent=172"}],"curies":[{"name":"wp","href":"https:\/\/api.w.org\/{rel}","templated":true}]}}