{"id":173,"date":"2018-11-07T07:34:16","date_gmt":"2018-11-07T07:34:16","guid":{"rendered":"http:\/\/localhost\/industro\/?page_id=173"},"modified":"2023-03-21T15:28:20","modified_gmt":"2023-03-21T15:28:20","slug":"about-us","status":"publish","type":"page","link":"https:\/\/elcorraluy.com\/index.php\/about-us\/","title":{"rendered":"Sobre nosotros"},"content":{"rendered":"<div class=\"wpb-content-wrapper\"><p>[vc_row css=&#8221;.vc_custom_1541576403059{padding-top: 100px !important;padding-bottom: 100px !important;}&#8221;][vc_column offset=&#8221;vc_col-md-6&#8243;][vc_custom_heading text=&#8221;<b>Apostamos por aumentar la rentabilidad del productor con nuestros productos.<b>&#8221; font_container=&#8221;tag:p|font_size:60px|text_align:left|color:%234c6751|line_height:68px&#8221; use_theme_fonts=&#8221;yes&#8221; css_animation=&#8221;fadeIn&#8221; css=&#8221;.vc_custom_1679147429777{margin-bottom: 50px !important;}&#8221;][\/vc_column][vc_column offset=&#8221;vc_col-md-6&#8243;][vc_row_inner][vc_column_inner width=&#8221;1\/2&#8243;]\n    <div class=\"icon-box  \">\n                <img decoding=\"async\" src=\"https:\/\/elcorraluy.com\/wp-content\/uploads\/2018\/11\/team.png\" alt=\"icon\">        <div class=\"content-box\">\n            <h5><b>Equipo altamente dedicado<\/b><\/h5>\n            <p>Contamos con un equipo s\u00f3lido, altamente preparado y motivado, para afrontar las m\u00e1s altas exigencias que demanda la calidad de nuestros productos.<\/p>\n                    <\/div>\n    <\/div>\n\n    [vc_empty_space height=&#8221;50px&#8221;]\n    <div class=\"icon-box  \">\n                <img decoding=\"async\" src=\"https:\/\/elcorraluy.com\/wp-content\/uploads\/2018\/11\/team-global.png\" alt=\"icon\">        <div class=\"content-box\">\n            <h5><b>Globalizaci\u00f3n<\/b><\/h5>\n            <p>Estamos en constante evoluci\u00f3n. Adoptamos est\u00e1ndares internacionales que nos garantizan calidad. Nuestros dise\u00f1os son reconocidos en Estados Unidos y Nueva Zelanda.<\/p>\n                    <\/div>\n    <\/div>\n\n    [vc_empty_space height=&#8221;50px&#8221; el_class=&#8221;lg-hidden md-hidden&#8221;][\/vc_column_inner][vc_column_inner width=&#8221;1\/2&#8243;]\n    <div class=\"icon-box  \">\n                <img decoding=\"async\" src=\"https:\/\/elcorraluy.com\/wp-content\/uploads\/2018\/11\/handshake.png\" alt=\"icon\">        <div class=\"content-box\">\n            <h5><b>Red de Distribuidores<\/b><\/h5>\n            <p>Con presencia en casi todo el pa\u00eds, nuestros distribuidores nos aportan valor log\u00edstico y facilitan la compra al productor.<\/p>\n                    <\/div>\n    <\/div>\n\n    [vc_empty_space height=&#8221;50px&#8221;]\n    <div class=\"icon-box  \">\n                <img decoding=\"async\" src=\"https:\/\/elcorraluy.com\/wp-content\/uploads\/2018\/11\/idea.png\" alt=\"icon\">        <div class=\"content-box\">\n            <h5><b>Innovaci\u00f3n<\/b><\/h5>\n            <p>Innovar es parte de nuestra cultura empresarial, nuestros productos van m\u00e1s all\u00e1 de satisfacer una necesidad, son ideados para ofrecer una verdadera experiencia. Conocemos nuestros consumidores y sus desaf\u00edos para fabricar lo que realmente necesitan.<\/p>\n                    <\/div>\n    <\/div>\n\n    [\/vc_column_inner][\/vc_row_inner][\/vc_column][\/vc_row][vc_row css=&#8221;.vc_custom_1542017337701{padding-top: 100px !important;padding-bottom: 80px !important;}&#8221;][vc_column][vc_column_text css=&#8221;.vc_custom_1602270051710{margin-bottom: 90px !important;}&#8221;]<\/b><\/b><\/p>\n<p class=\"subtitle\">C\u00d3MO FABRICAMOS<\/p>\n<h2><strong>NUESTRO M\u00c9TODO DE TRABAJO<\/strong><\/h2>\n<p>[\/vc_column_text]\n    <div class=\"process \">\n                <div class=\"steps active\">\n            <i class=\"p-icon flaticon-result\"><\/i>\n            <div class=\"step-content\">\n                <h5><b>Dise\u00f1o de Producto<\/b><\/h5>\n                <p>Dise\u00f1amos nuestros productos a medida del cliente, adapt\u00e1ndonos a la necesidades espec\u00edficas cuidando la econom\u00eda de nuestros clientes y que con la compra de nuestros productos sea un ahorro y no un gasto.<\/p>\n            <\/div>\n        <\/div>\n                <div class=\"steps \">\n            <i class=\"p-icon flaticon-jigsaw\"><\/i>\n            <div class=\"step-content\">\n                <h5><b>Planificaci\u00f3n de Materiales<\/b><\/h5>\n                <p>Elegimos los mejores materiales, apostando a la calidad y durabilidad del producto.<\/p>\n            <\/div>\n        <\/div>\n                <div class=\"steps \">\n            <i class=\"p-icon flaticon-gears-1\"><\/i>\n            <div class=\"step-content\">\n                <h5><b>An\u00e1lisis y Pruebas<\/b><\/h5>\n                <p>Cada producto pasa por continuas pruebas en todas las etapas de fabricaci\u00f3n, sometemos cada aspecto del producto a rigurosos procesos de control.<\/p>\n            <\/div>\n        <\/div>\n                <div class=\"steps \">\n            <i class=\"p-icon flaticon-rocket-ship\"><\/i>\n            <div class=\"step-content\">\n                <h5><b>Fabricaci\u00f3n y Distribuci\u00f3n<\/b><\/h5>\n                <p>Respuesta inmediata para la fabricaci\u00f3n a medida. Distribuyendo en tiempo y forma a todo el pa\u00eds. Productos con garant\u00eda y soporte post-venta.<\/p>\n            <\/div>\n        <\/div>\n            <\/div>\n\n    [\/vc_column][\/vc_row]<\/p>\n<\/div>","protected":false},"excerpt":{"rendered":"<p>[vc_row css=&#8221;.vc_custom_1541576403059{padding-top: 100px !important;padding-bottom: 100px !important;}&#8221;][vc_column offset=&#8221;vc_col-md-6&#8243;][vc_custom_heading text=&#8221;Apostamos por aumentar la rentabilidad del productor con nuestros productos.&#8221; font_container=&#8221;tag:p|font_size:60px|text_align:left|color:%234c6751|line_height:68px&#8221; use_theme_fonts=&#8221;yes&#8221; css_animation=&#8221;fadeIn&#8221; css=&#8221;.vc_custom_1679147429777{margin-bottom: 50px !important;}&#8221;][\/vc_column][vc_column offset=&#8221;vc_col-md-6&#8243;][vc_row_inner][vc_column_inner width=&#8221;1\/2&#8243;][vc_empty_space height=&#8221;50px&#8221;][vc_empty_space height=&#8221;50px&#8221; el_class=&#8221;lg-hidden md-hidden&#8221;][\/vc_column_inner][vc_column_inner width=&#8221;1\/2&#8243;][vc_empty_space height=&#8221;50px&#8221;][\/vc_column_inner][\/vc_row_inner][\/vc_column][\/vc_row][vc_row css=&#8221;.vc_custom_1542017337701{padding-top: 100px !important;padding-bottom: 80px !important;}&#8221;][vc_column][vc_column_text css=&#8221;.vc_custom_1602270051710{margin-bottom: 90px !important;}&#8221;] C\u00d3MO FABRICAMOS NUESTRO M\u00c9TODO DE TRABAJO [\/vc_column_text][\/vc_column][\/vc_row]<\/p>\n","protected":false},"author":1,"featured_media":0,"parent":0,"menu_order":0,"comment_status":"closed","ping_status":"closed","template":"","meta":{"_joinchat":[],"footnotes":""},"class_list":["post-173","page","type-page","status-publish","hentry"],"_links":{"self":[{"href":"https:\/\/elcorraluy.com\/index.php\/wp-json\/wp\/v2\/pages\/173","targetHints":{"allow":["GET"]}}],"collection":[{"href":"https:\/\/elcorraluy.com\/index.php\/wp-json\/wp\/v2\/pages"}],"about":[{"href":"https:\/\/elcorraluy.com\/index.php\/wp-json\/wp\/v2\/types\/page"}],"author":[{"embeddable":true,"href":"https:\/\/elcorraluy.com\/index.php\/wp-json\/wp\/v2\/users\/1"}],"replies":[{"embeddable":true,"href":"https:\/\/elcorraluy.com\/index.php\/wp-json\/wp\/v2\/comments?post=173"}],"version-history":[{"count":16,"href":"https:\/\/elcorraluy.com\/index.php\/wp-json\/wp\/v2\/pages\/173\/revisions"}],"predecessor-version":[{"id":1242,"href":"https:\/\/elcorraluy.com\/index.php\/wp-json\/wp\/v2\/pages\/173\/revisions\/1242"}],"wp:attachment":[{"href":"https:\/\/elcorraluy.com\/index.php\/wp-json\/wp\/v2\/media?parent=173"}],"curies":[{"name":"wp","href":"https:\/\/api.w.org\/{rel}","templated":true}]}}