{"id":343,"date":"2018-11-14T08:41:41","date_gmt":"2018-11-14T08:41:41","guid":{"rendered":"http:\/\/localhost\/industro\/?page_id=343"},"modified":"2026-03-04T23:18:23","modified_gmt":"2026-03-04T23:18:23","slug":"our-services","status":"publish","type":"page","link":"https:\/\/elcorraluy.com\/index.php\/our-services\/","title":{"rendered":"Nuestros productos"},"content":{"rendered":"<div class=\"wpb-content-wrapper\"><p>[vc_row css=&#8221;.vc_custom_1542185182134{padding-top: 100px !important;padding-bottom: 100px !important;background-color: #f7f7f7 !important;}&#8221;][vc_column][vc_column_text css=&#8221;.vc_custom_1679145714164{margin-bottom: 70px !important;}&#8221;]<\/p>\n<p class=\"subtitle\">NUESTRA ESPECIALIDAD<\/p>\n<h2><strong>Brindar soluciones perfectas para la alimentaci\u00f3n de su ganado.<\/strong><\/h2>\n<p>[\/vc_column_text][\/vc_column][\/vc_row][vc_row][vc_column width=&#8221;1\/2&#8243;][vc_single_image image=&#8221;1322&#8243; img_size=&#8221;full&#8221; style=&#8221;vc_box_shadow_3d&#8221; onclick=&#8221;img_link_large&#8221; css_animation=&#8221;fadeIn&#8221; css=&#8221;&#8221;][vc_column_text]<\/p>\n<h2><strong>Ahorro-Aro<\/strong><\/h2>\n<p>Aro para fardos fuerte, duradero y rentable.<\/p>\n<ul>\n<li>Ca\u00f1o de 1 1\/4\u2033 de di\u00e1metro y 2mm de espesor.<\/li>\n<li>Chapa base de 3mm.<\/li>\n<li>Materiales de origen brasilero.<\/li>\n<li>Alimenta 18 animales.<\/li>\n<li>Se aprovecha hasta el 95% del fardo.<\/li>\n<li>Soporta 3 fardos (algunos clientes han cargado 4).<\/li>\n<li>Garant\u00eda de f\u00e1brica de 3 a\u00f1os.<\/li>\n<li>Env\u00edos a todo el pa\u00eds, gratuito hasta 50Km de Florida.<\/li>\n<li>Descuentos para distribuidores.<\/li>\n<\/ul>\n<p>[\/vc_column_text][\/vc_column][vc_column width=&#8221;1\/2&#8243;][vc_single_image image=&#8221;1321&#8243; img_size=&#8221;full&#8221; style=&#8221;vc_box_shadow_3d&#8221; onclick=&#8221;img_link_large&#8221; css_animation=&#8221;fadeIn&#8221; css=&#8221;&#8221;][vc_column_text]<\/p>\n<h2><strong>Aro com\u00fan<\/strong><\/h2>\n<p>El m\u00e1s fuerte del mercado\ud83d\udcaa<\/p>\n<ul>\n<li>Alimenta 14 animales.<\/li>\n<li>Ca\u00f1o de 1 1\/4&#8243; con pared de 2mm.<\/li>\n<li>Entra 1 fardo.<\/li>\n<li>Son apilables.<\/li>\n<li>Simple y fuerte.<\/li>\n<li>No necesita armar y desarmar.<\/li>\n<\/ul>\n<p>[\/vc_column_text][\/vc_column][\/vc_row][vc_row][vc_column width=&#8221;1\/2&#8243;][vc_single_image image=&#8221;1320&#8243; img_size=&#8221;full&#8221; style=&#8221;vc_box_shadow_3d&#8221; onclick=&#8221;img_link_large&#8221; css_animation=&#8221;fadeIn&#8221; css=&#8221;&#8221;][vc_column_text]<\/p>\n<h2><strong>Aro para Ovejas y Terneros<\/strong> \ud83d\udc04\ud83d\udc11<\/h2>\n<ul>\n<li>Alimenta 24 animales.<\/li>\n<li>Ca\u00f1o de 1&#8243; con pared de 2mm.<\/li>\n<li>Entra 1 fardo.<\/li>\n<li>Son apilables.<\/li>\n<li>Simple y fuerte.<\/li>\n<li>No necesita armar y desarmar.<\/li>\n<\/ul>\n<p>[\/vc_column_text][\/vc_column][vc_column width=&#8221;1\/2&#8243;][vc_single_image image=&#8221;1319&#8243; img_size=&#8221;full&#8221; style=&#8221;vc_box_shadow_3d&#8221; onclick=&#8221;img_link_large&#8221; css_animation=&#8221;fadeIn&#8221; css=&#8221;&#8221;][vc_column_text]<\/p>\n<h2><strong>Comedero Lineal para Raci\u00f3n<\/strong><\/h2>\n<ul>\n<li>6m x 65cm. (tambi\u00e9n en 1m y 3m de largo)<\/li>\n<li>Ca\u00f1o de 1&#8243; con pared de 2mm.<\/li>\n<li>Ca\u00f1o de las orillas de 1 1\/4&#8243; con pared de 2mm con 1\/2 ca\u00f1o arriba<br \/>\nde 1 1\/2&#8243; con pared de 2mm.<\/li>\n<li>Geomembrana con 1mm de espesor (lo que usan para tajamares).<\/li>\n<li>Las orillas aplastadas entre el ca\u00f1o y un medio ca\u00f1o.<\/li>\n<\/ul>\n<p>[\/vc_column_text][\/vc_column][\/vc_row][vc_row][vc_column width=&#8221;1\/2&#8243;][vc_single_image image=&#8221;1318&#8243; img_size=&#8221;full&#8221; style=&#8221;vc_box_shadow_3d&#8221; onclick=&#8221;img_link_large&#8221; css_animation=&#8221;fadeIn&#8221; css=&#8221;&#8221;][vc_column_text]<\/p>\n<h2><strong>Comedero Lineal para Silo<\/strong><\/h2>\n<ul>\n<li>6m x 110cm. (tambi\u00e9n en 1m y 3m de largo)<\/li>\n<li>Ca\u00f1o de 1&#8243; con pared de 2mm.<\/li>\n<li>Ca\u00f1o de las orillas de 1 1\/4&#8243; con pared de 2mm con 1\/2 ca\u00f1o arriba<br \/>\nde 1 1\/2&#8243; con pared de 2mm.<\/li>\n<li>Geomembrana con 1mm de espesor (lo que usan para tajamares).<\/li>\n<li>Las orillas aplastadas entre el ca\u00f1o y un medio ca\u00f1o.<\/li>\n<\/ul>\n<p>[\/vc_column_text][\/vc_column][vc_column width=&#8221;1\/2&#8243;][vc_single_image image=&#8221;1311&#8243; img_size=&#8221;full&#8221; style=&#8221;vc_box_shadow_3d&#8221; onclick=&#8221;img_link_large&#8221; css_animation=&#8221;fadeIn&#8221; css=&#8221;&#8221;][vc_column_text]<\/p>\n<h2><strong>Portera Liviana<\/strong><\/h2>\n<ul>\n<li>Portera ca\u00f1o redondo (LIVIANA).<\/li>\n<li>Ca\u00f1o de 1 1\/4&#8243; con pared de 2mm.<\/li>\n<li>Bisagra con v\u00e1stago de 5\/8&#8243;.<\/li>\n<li>Cadena para cerrar de 6mm con mosquet\u00f3n de 6mm.<\/li>\n<\/ul>\n<p><strong>FABRICACI\u00d3N A MEDIDA.<\/strong>[\/vc_column_text][\/vc_column][\/vc_row][vc_row][vc_column width=&#8221;1\/2&#8243;][vc_single_image image=&#8221;1312&#8243; img_size=&#8221;full&#8221; style=&#8221;vc_box_shadow_3d&#8221; onclick=&#8221;img_link_large&#8221; css_animation=&#8221;fadeIn&#8221; css=&#8221;&#8221;][vc_column_text]<\/p>\n<h2><strong>Portera Reforzada<\/strong><\/h2>\n<ul>\n<li>Portera ca\u00f1o cuadrado (REFORZADA).<\/li>\n<li>Marco de ca\u00f1o cuadrado de 50x50x2mm<\/li>\n<li>Ca\u00f1o redondo de 1 1\/2&#8243; con pared de 2mm.<\/li>\n<li>Bisagra con v\u00e1stago de 3\/4&#8243;.<\/li>\n<li>Cerradura pasador de 3\/4&#8243; con agujeros para candado.<\/li>\n<\/ul>\n<p><strong>FABRICACI\u00d3N A MEDIDA.<\/strong>[\/vc_column_text][\/vc_column][vc_column width=&#8221;1\/2&#8243;][vc_single_image image=&#8221;1216&#8243; img_size=&#8221;full&#8221; style=&#8221;vc_box_shadow_3d&#8221; onclick=&#8221;img_link_large&#8221; css_animation=&#8221;fadeIn&#8221;][vc_column_text]<\/p>\n<h2><strong>Lona para Comedero Lineal<\/strong><\/h2>\n<ul>\n<li>Geomembrana de 1mm de espesor.<\/li>\n<li>Dobladillo en cada orilla con doble costura.<\/li>\n<li>Costura con hilo para zapatos.<\/li>\n<li>1 metro de ancho.<\/li>\n<\/ul>\n<p>[\/vc_column_text][\/vc_column][\/vc_row][vc_row][vc_column width=&#8221;1\/2&#8243;][vc_single_image image=&#8221;1317&#8243; img_size=&#8221;full&#8221; style=&#8221;vc_box_shadow_3d&#8221; onclick=&#8221;img_link_large&#8221; css_animation=&#8221;fadeIn&#8221; css=&#8221;&#8221;][vc_column_text]<\/p>\n<h2><strong>&#8220;La Nave&#8221; Sistema ahorra fardos<\/strong><\/h2>\n<ul>\n<li>Alimenta 26 animales a la vez.<\/li>\n<li>Entran hasta 18 fardos.<\/li>\n<li>Fuerte y robusto.<\/li>\n<li>APROVECHA EL 100% DE LOS FARDOS.<\/li>\n<\/ul>\n<p>[\/vc_column_text][\/vc_column][vc_column width=&#8221;1\/2&#8243;][vc_single_image image=&#8221;1313&#8243; img_size=&#8221;full&#8221; style=&#8221;vc_box_shadow_3d&#8221; onclick=&#8221;img_link_large&#8221; css_animation=&#8221;fadeIn&#8221; css=&#8221;&#8221;][vc_column_text]<\/p>\n<h2><strong>Comedero Lineal p\/tambores (no inclu\u00eddos)<\/strong><\/h2>\n<ul>\n<li>6m x 65cm. (tambi\u00e9n en 1m y 3m de largo)<\/li>\n<li>Ca\u00f1o de 1&#8243; con pared de 2mm.<\/li>\n<li>Ca\u00f1o de las orillas de 1 1\/4&#8243; con pared de 2mm.<\/li>\n<li>Incluye tornillos y arandelas para colocar medio tanques.<\/li>\n<\/ul>\n<p>[\/vc_column_text][\/vc_column][\/vc_row][vc_row][vc_column width=&#8221;1\/2&#8243;][vc_single_image image=&#8221;1316&#8243; img_size=&#8221;full&#8221; style=&#8221;vc_box_shadow_3d&#8221; onclick=&#8221;img_link_large&#8221; css_animation=&#8221;fadeIn&#8221; css=&#8221;&#8221;][vc_column_text css=&#8221;&#8221;]<\/p>\n<h2><strong>Bebedero<\/strong><\/h2>\n<ul>\n<li>3m x 65cm. Tambi\u00e9n de 2m y 1m de largo.<\/li>\n<li>Ca\u00f1o de 1&#8243; con pared de 2mm.<\/li>\n<li>Incluye tambores y boya.<\/li>\n<\/ul>\n<p>[\/vc_column_text][\/vc_column][vc_column width=&#8221;1\/2&#8243;][vc_single_image image=&#8221;1314&#8243; img_size=&#8221;full&#8221; style=&#8221;vc_box_shadow_3d&#8221; onclick=&#8221;img_link_large&#8221; css_animation=&#8221;fadeIn&#8221; css=&#8221;&#8221;][vc_column_text css=&#8221;&#8221;]<\/p>\n<h2><strong>Corrales m\u00f3viles<\/strong><\/h2>\n<ul>\n<li>Ca\u00f1o redondo (LIVIANO).<\/li>\n<li>Ca\u00f1o de 1 1\/4&#8243; con pared de 2mm.<\/li>\n<li>Engancha con perno.<\/li>\n<li>Altura: 1,5m.<\/li>\n<li>A medida.<\/li>\n<\/ul>\n<p>[\/vc_column_text][\/vc_column][\/vc_row][vc_row][vc_column width=&#8221;1\/2&#8243;][vc_single_image image=&#8221;1323&#8243; img_size=&#8221;full&#8221; style=&#8221;vc_box_shadow_3d&#8221; onclick=&#8221;img_link_large&#8221; css_animation=&#8221;fadeIn&#8221; css=&#8221;&#8221;][vc_column_text css=&#8221;&#8221;]<\/p>\n<h2><strong>Comedero lineal de geomembrana<\/strong><\/h2>\n<ul>\n<li>Armado con alambre.<\/li>\n<li>Ojales de bronce.<\/li>\n<li>Geomembrana de 1mm.<\/li>\n<li>A medida.<\/li>\n<\/ul>\n<p>[\/vc_column_text][\/vc_column][vc_column width=&#8221;1\/2&#8243;][vc_single_image image=&#8221;1315&#8243; img_size=&#8221;full&#8221; style=&#8221;vc_box_shadow_3d&#8221; onclick=&#8221;img_link_large&#8221; css_animation=&#8221;fadeIn&#8221; css=&#8221;&#8221;][vc_column_text css=&#8221;&#8221;]<\/p>\n<h2><strong>Gancho para Ahorro Aro<\/strong><\/h2>\n<ul>\n<li>Para f\u00e1cil transporte del Ahorro Aro.<\/li>\n<\/ul>\n<p>[\/vc_column_text][\/vc_column][\/vc_row]<\/p>\n<\/div>","protected":false},"excerpt":{"rendered":"<p>[vc_row css=&#8221;.vc_custom_1542185182134{padding-top: 100px !important;padding-bottom: 100px !important;background-color: #f7f7f7 !important;}&#8221;][vc_column][vc_column_text css=&#8221;.vc_custom_1679145714164{margin-bottom: 70px !important;}&#8221;] NUESTRA ESPECIALIDAD Brindar soluciones perfectas para la alimentaci\u00f3n de su ganado. [\/vc_column_text][\/vc_column][\/vc_row][vc_row][vc_column width=&#8221;1\/2&#8243;][vc_single_image image=&#8221;1322&#8243; img_size=&#8221;full&#8221; style=&#8221;vc_box_shadow_3d&#8221; onclick=&#8221;img_link_large&#8221; css_animation=&#8221;fadeIn&#8221; css=&#8221;&#8221;][vc_column_text] Ahorro-Aro Aro para fardos fuerte, duradero y rentable. Ca\u00f1o de 1 1\/4\u2033 de di\u00e1metro y 2mm de espesor. Chapa base de 3mm. Materiales de origen [&hellip;]<\/p>\n","protected":false},"author":1,"featured_media":0,"parent":0,"menu_order":0,"comment_status":"closed","ping_status":"closed","template":"","meta":{"_joinchat":[],"footnotes":""},"class_list":["post-343","page","type-page","status-publish","hentry"],"_links":{"self":[{"href":"https:\/\/elcorraluy.com\/index.php\/wp-json\/wp\/v2\/pages\/343","targetHints":{"allow":["GET"]}}],"collection":[{"href":"https:\/\/elcorraluy.com\/index.php\/wp-json\/wp\/v2\/pages"}],"about":[{"href":"https:\/\/elcorraluy.com\/index.php\/wp-json\/wp\/v2\/types\/page"}],"author":[{"embeddable":true,"href":"https:\/\/elcorraluy.com\/index.php\/wp-json\/wp\/v2\/users\/1"}],"replies":[{"embeddable":true,"href":"https:\/\/elcorraluy.com\/index.php\/wp-json\/wp\/v2\/comments?post=343"}],"version-history":[{"count":35,"href":"https:\/\/elcorraluy.com\/index.php\/wp-json\/wp\/v2\/pages\/343\/revisions"}],"predecessor-version":[{"id":1326,"href":"https:\/\/elcorraluy.com\/index.php\/wp-json\/wp\/v2\/pages\/343\/revisions\/1326"}],"wp:attachment":[{"href":"https:\/\/elcorraluy.com\/index.php\/wp-json\/wp\/v2\/media?parent=343"}],"curies":[{"name":"wp","href":"https:\/\/api.w.org\/{rel}","templated":true}]}}