{"id":620,"date":"2018-11-23T08:24:33","date_gmt":"2018-11-23T08:24:33","guid":{"rendered":"http:\/\/localhost\/industro\/?page_id=620"},"modified":"2026-03-05T14:40:51","modified_gmt":"2026-03-05T14:40:51","slug":"comederos","status":"publish","type":"page","link":"https:\/\/elcorraluy.com\/index.php\/comederos\/","title":{"rendered":"Comederos"},"content":{"rendered":"<div class=\"wpb-content-wrapper\"><p>[vc_row content_placement=&#8221;top&#8221; css=&#8221;.vc_custom_1542963900201{padding-top: 70px !important;padding-bottom: 70px !important;}&#8221;][vc_column][vc_column_text css=&#8221;&#8221;]<\/p>\n<h1><strong>Comederos para ganado en Uruguay | El Corral<\/strong><\/h1>\n<p>[\/vc_column_text][\/vc_column][\/vc_row][vc_row content_placement=&#8221;top&#8221; css=&#8221;.vc_custom_1542963900201{padding-top: 70px !important;padding-bottom: 70px !important;}&#8221;][vc_column width=&#8221;1\/3&#8243; offset=&#8221;vc_col-md-1\/5 vc_col-xs-4&#8243;][vc_single_image image=&#8221;1319&#8243; img_size=&#8221;full&#8221; alignment=&#8221;center&#8221; css=&#8221;.vc_custom_1772719916002{margin-bottom: 0px !important;padding-right: 22px !important;padding-left: 22px !important;}&#8221;][\/vc_column][vc_column width=&#8221;1\/3&#8243; offset=&#8221;vc_col-md-1\/5 vc_col-xs-4&#8243;][vc_single_image image=&#8221;1318&#8243; img_size=&#8221;full&#8221; alignment=&#8221;center&#8221; css=&#8221;.vc_custom_1772719926926{margin-bottom: 0px !important;padding-right: 22px !important;padding-left: 22px !important;}&#8221;][\/vc_column][vc_column width=&#8221;1\/3&#8243; offset=&#8221;vc_col-md-1\/5 vc_col-xs-4&#8243;][vc_single_image image=&#8221;1313&#8243; img_size=&#8221;full&#8221; alignment=&#8221;center&#8221; css=&#8221;.vc_custom_1772719935016{margin-bottom: 2px !important;padding-right: 22px !important;padding-left: 22px !important;}&#8221;][\/vc_column][vc_column width=&#8221;1\/3&#8243; offset=&#8221;vc_col-md-offset-0 vc_col-md-1\/5 vc_col-sm-offset-2 vc_col-xs-offset-2 vc_col-xs-4&#8243;][vc_single_image image=&#8221;1323&#8243; img_size=&#8221;full&#8221; alignment=&#8221;center&#8221; css=&#8221;.vc_custom_1772720014202{margin-top: 10px !important;margin-bottom: 0px !important;padding-right: 22px !important;padding-left: 22px !important;}&#8221;][\/vc_column][\/vc_row][vc_row css=&#8221;.vc_custom_1542964709535{padding-bottom: 100px !important;}&#8221;][vc_column][vc_column_text css=&#8221;.vc_custom_1772720926601{margin-bottom: 70px !important;}&#8221;]<\/p>\n<p class=\"subtitle\">COMEDEROS GANADEROS Y AGROPECUARIOS<\/p>\n<h2>En El Corral dise\u00f1amos y fabricamos comederos de alta calidad para uso ganadero y agropecuario en Uruguay. Ideales para bovinos y otros animales, nuestros comederos est\u00e1n pensados para soportar el uso intensivo del campo y mejorar la eficiencia en la alimentaci\u00f3n.<\/h2>\n<p>[\/vc_column_text][\/vc_column][\/vc_row][vc_row css=&#8221;.vc_custom_1542964896462{padding-top: 100px !important;padding-bottom: 80px !important;background-color: #f7f7f7 !important;}&#8221;][vc_column][vc_column_text css=&#8221;.vc_custom_1772720377257{margin-bottom: 90px !important;}&#8221;]<\/p>\n<p class=\"subtitle\">CALIDAD Y FABRICACI\u00d3N NACIONAL<\/p>\n<h2>Nuestros comederos est\u00e1n fabricados con estructura de ca\u00f1o de acero de 2 mm de espesor, lo que garantiza una gran resistencia y durabilidad. La superficie de alimentaci\u00f3n est\u00e1 revestida con geomembrana de 1 mm de espesor, un material resistente que ayuda a proteger el comedero y facilitar la limpieza.<\/h2>\n<p>[\/vc_column_text][\/vc_column][\/vc_row][vc_row css=&#8221;.vc_custom_1543221080791{padding-top: 100px !important;}&#8221;][vc_column][vc_column_text css=&#8221;.vc_custom_1772720305978{margin-bottom: 50px !important;}&#8221;]<\/p>\n<p class=\"subtitle\">\u00bfPOR QU\u00c9 ELEGIR NUESTROS COMEDEROS?<\/p>\n<h2>1. Estructura robusta con ca\u00f1o de acero de 2 mm.<br \/>\n2. Revestimiento con geomembrana de 1 mm que protege el comedero.<br \/>\n3. Dise\u00f1o pensado para reducir p\u00e9rdidas de raci\u00f3n.<br \/>\n4. Fabricaci\u00f3n fuerte y duradera para uso intensivo.<\/h2>\n<p>[\/vc_column_text][\/vc_column][\/vc_row]<\/p>\n<\/div>","protected":false},"excerpt":{"rendered":"<p>[vc_row content_placement=&#8221;top&#8221; css=&#8221;.vc_custom_1542963900201{padding-top: 70px !important;padding-bottom: 70px !important;}&#8221;][vc_column][vc_column_text css=&#8221;&#8221;] Comederos para ganado en Uruguay | El Corral [\/vc_column_text][\/vc_column][\/vc_row][vc_row content_placement=&#8221;top&#8221; css=&#8221;.vc_custom_1542963900201{padding-top: 70px !important;padding-bottom: 70px !important;}&#8221;][vc_column width=&#8221;1\/3&#8243; offset=&#8221;vc_col-md-1\/5 vc_col-xs-4&#8243;][vc_single_image image=&#8221;1319&#8243; img_size=&#8221;full&#8221; alignment=&#8221;center&#8221; css=&#8221;.vc_custom_1772719916002{margin-bottom: 0px !important;padding-right: 22px !important;padding-left: 22px !important;}&#8221;][\/vc_column][vc_column width=&#8221;1\/3&#8243; offset=&#8221;vc_col-md-1\/5 vc_col-xs-4&#8243;][vc_single_image image=&#8221;1318&#8243; img_size=&#8221;full&#8221; alignment=&#8221;center&#8221; css=&#8221;.vc_custom_1772719926926{margin-bottom: 0px !important;padding-right: 22px !important;padding-left: 22px !important;}&#8221;][\/vc_column][vc_column width=&#8221;1\/3&#8243; offset=&#8221;vc_col-md-1\/5 vc_col-xs-4&#8243;][vc_single_image image=&#8221;1313&#8243; img_size=&#8221;full&#8221; alignment=&#8221;center&#8221; [&hellip;]<\/p>\n","protected":false},"author":1,"featured_media":0,"parent":0,"menu_order":0,"comment_status":"closed","ping_status":"closed","template":"","meta":{"_joinchat":[],"footnotes":""},"class_list":["post-620","page","type-page","status-publish","hentry"],"_links":{"self":[{"href":"https:\/\/elcorraluy.com\/index.php\/wp-json\/wp\/v2\/pages\/620","targetHints":{"allow":["GET"]}}],"collection":[{"href":"https:\/\/elcorraluy.com\/index.php\/wp-json\/wp\/v2\/pages"}],"about":[{"href":"https:\/\/elcorraluy.com\/index.php\/wp-json\/wp\/v2\/types\/page"}],"author":[{"embeddable":true,"href":"https:\/\/elcorraluy.com\/index.php\/wp-json\/wp\/v2\/users\/1"}],"replies":[{"embeddable":true,"href":"https:\/\/elcorraluy.com\/index.php\/wp-json\/wp\/v2\/comments?post=620"}],"version-history":[{"count":5,"href":"https:\/\/elcorraluy.com\/index.php\/wp-json\/wp\/v2\/pages\/620\/revisions"}],"predecessor-version":[{"id":1343,"href":"https:\/\/elcorraluy.com\/index.php\/wp-json\/wp\/v2\/pages\/620\/revisions\/1343"}],"wp:attachment":[{"href":"https:\/\/elcorraluy.com\/index.php\/wp-json\/wp\/v2\/media?parent=620"}],"curies":[{"name":"wp","href":"https:\/\/api.w.org\/{rel}","templated":true}]}}